{"id":2467,"date":"2023-06-06T10:15:18","date_gmt":"2023-06-06T08:15:18","guid":{"rendered":"https:\/\/www.servicewithpassion.es\/?page_id=2467"},"modified":"2023-06-12T13:28:46","modified_gmt":"2023-06-12T11:28:46","slug":"chauffeur-service","status":"publish","type":"page","link":"https:\/\/www.servicewithpassion.com\/de\/chauffeur-service\/","title":{"rendered":"Chauffeur Service"},"content":{"rendered":"<div data-elementor-type=\"wp-page\" data-elementor-id=\"2467\" class=\"elementor elementor-2467\" data-elementor-post-type=\"page\">\n\t\t\t\t\t\t<section class=\"elementor-section elementor-top-section elementor-element elementor-element-7560e2a elementor-section-boxed elementor-section-height-default elementor-section-height-default\" data-id=\"7560e2a\" data-element_type=\"section\" data-settings=\"{&quot;background_background&quot;:&quot;slideshow&quot;,&quot;background_slideshow_gallery&quot;:[{&quot;id&quot;:2473,&quot;url&quot;:&quot;https:\\\/\\\/www.servicewithpassion.com\\\/wp-content\\\/uploads\\\/Chauffeur-service-2.jpg&quot;},{&quot;id&quot;:2474,&quot;url&quot;:&quot;https:\\\/\\\/www.servicewithpassion.com\\\/wp-content\\\/uploads\\\/Chauffeur-service-1.jpg&quot;}],&quot;background_slideshow_lazyload&quot;:&quot;yes&quot;,&quot;background_slideshow_ken_burns&quot;:&quot;yes&quot;,&quot;background_slideshow_loop&quot;:&quot;yes&quot;,&quot;background_slideshow_slide_duration&quot;:5000,&quot;background_slideshow_slide_transition&quot;:&quot;fade&quot;,&quot;background_slideshow_transition_duration&quot;:500,&quot;background_slideshow_ken_burns_zoom_direction&quot;:&quot;in&quot;}\">\n\t\t\t\t\t\t\t<div class=\"elementor-background-overlay\"><\/div>\n\t\t\t\t\t\t\t<div class=\"elementor-container elementor-column-gap-default\">\n\t\t\t\t\t<div class=\"elementor-column elementor-col-50 elementor-top-column elementor-element elementor-element-387da99\" data-id=\"387da99\" data-element_type=\"column\">\n\t\t\t<div class=\"elementor-widget-wrap elementor-element-populated\">\n\t\t\t\t\t\t<div class=\"elementor-element elementor-element-61ba857 elementor-widget elementor-widget-heading\" data-id=\"61ba857\" data-element_type=\"widget\" data-widget_type=\"heading.default\">\n\t\t\t\t<div class=\"elementor-widget-container\">\n\t\t\t\t\t<h1 class=\"elementor-heading-title elementor-size-default\">Chauffeur Service<\/h1>\t\t\t\t<\/div>\n\t\t\t\t<\/div>\n\t\t\t\t<div class=\"elementor-element elementor-element-8dd39ba elementor-widget elementor-widget-heading\" data-id=\"8dd39ba\" data-element_type=\"widget\" data-widget_type=\"heading.default\">\n\t\t\t\t<div class=\"elementor-widget-container\">\n\t\t\t\t\t<p class=\"elementor-heading-title elementor-size-default\">Der hochwertige Chauffeurservice auf Mallorca<\/p>\t\t\t\t<\/div>\n\t\t\t\t<\/div>\n\t\t\t\t<div class=\"elementor-element elementor-element-5871ab6 elementor-align-left elementor-widget elementor-widget-button\" data-id=\"5871ab6\" data-element_type=\"widget\" data-widget_type=\"button.default\">\n\t\t\t\t<div class=\"elementor-widget-container\">\n\t\t\t\t\t\t\t\t\t<div class=\"elementor-button-wrapper\">\n\t\t\t\t\t<a class=\"elementor-button elementor-button-link elementor-size-sm\" href=\"\/de\/contact-us\/\">\n\t\t\t\t\t\t<span class=\"elementor-button-content-wrapper\">\n\t\t\t\t\t\t\t\t\t<span class=\"elementor-button-text\">Request now<\/span>\n\t\t\t\t\t<\/span>\n\t\t\t\t\t<\/a>\n\t\t\t\t<\/div>\n\t\t\t\t\t\t\t\t<\/div>\n\t\t\t\t<\/div>\n\t\t\t\t\t<\/div>\n\t\t<\/div>\n\t\t\t\t<div class=\"elementor-column elementor-col-50 elementor-top-column elementor-element elementor-element-8bc7b6b elementor-hidden-tablet elementor-hidden-mobile_extra elementor-hidden-mobile\" data-id=\"8bc7b6b\" data-element_type=\"column\">\n\t\t\t<div class=\"elementor-widget-wrap\">\n\t\t\t\t\t\t\t<\/div>\n\t\t<\/div>\n\t\t\t\t\t<\/div>\n\t\t<\/section>\n\t\t\t\t<section class=\"elementor-section elementor-top-section elementor-element elementor-element-7edc031 elementor-section-boxed elementor-section-height-default elementor-section-height-default\" data-id=\"7edc031\" data-element_type=\"section\">\n\t\t\t\t\t\t<div class=\"elementor-container elementor-column-gap-default\">\n\t\t\t\t\t<div class=\"elementor-column elementor-col-50 elementor-top-column elementor-element elementor-element-2bd1e60\" data-id=\"2bd1e60\" data-element_type=\"column\">\n\t\t\t<div class=\"elementor-widget-wrap elementor-element-populated\">\n\t\t\t\t\t\t<div class=\"elementor-element elementor-element-a0311c7 elementor-widget elementor-widget-heading\" data-id=\"a0311c7\" data-element_type=\"widget\" data-widget_type=\"heading.default\">\n\t\t\t\t<div class=\"elementor-widget-container\">\n\t\t\t\t\t<p class=\"elementor-heading-title elementor-size-default\">Private, professionelle und diskrete Chauffeure stehen Tag und Nacht f\u00fcr VIP-Abholungen und Transfers vom Flughafen zur Verf\u00fcgung.\nHochzeitstransfers, ausf\u00fchrliche pers\u00f6nliche Touren auf Mallorca oder einfach nur eine stilvolle Fahrt zwischen Jet und Yacht.<\/p>\t\t\t\t<\/div>\n\t\t\t\t<\/div>\n\t\t\t\t\t<\/div>\n\t\t<\/div>\n\t\t\t\t<div class=\"elementor-column elementor-col-50 elementor-top-column elementor-element elementor-element-f2c6b6f\" data-id=\"f2c6b6f\" data-element_type=\"column\">\n\t\t\t<div class=\"elementor-widget-wrap elementor-element-populated\">\n\t\t\t\t\t\t<div class=\"elementor-element elementor-element-511b79e elementor-widget elementor-widget-heading\" data-id=\"511b79e\" data-element_type=\"widget\" data-widget_type=\"heading.default\">\n\t\t\t\t<div class=\"elementor-widget-container\">\n\t\t\t\t\t<p class=\"elementor-heading-title elementor-size-default\">Der T\u00fcr-zu-T\u00fcr-Service unserer professionellen Fahrer f\u00fcr Einzel oder Gruppenfahrten in Limousinen oder Business-Class-Vans sorgt f\u00fcr Komfort und stilvolles Ankommen. \nAll-Inclusive-Vorabpreise von einem p\u00fcnktlichen und zuverl\u00e4ssigen VIP-Chauffeurservice.<\/p>\t\t\t\t<\/div>\n\t\t\t\t<\/div>\n\t\t\t\t\t<\/div>\n\t\t<\/div>\n\t\t\t\t\t<\/div>\n\t\t<\/section>\n\t\t\t\t<section class=\"elementor-section elementor-top-section elementor-element elementor-element-601afba elementor-section-boxed elementor-section-height-default elementor-section-height-default\" data-id=\"601afba\" data-element_type=\"section\" data-settings=\"{&quot;background_background&quot;:&quot;classic&quot;}\">\n\t\t\t\t\t\t<div class=\"elementor-container elementor-column-gap-default\">\n\t\t\t\t\t<div class=\"elementor-column elementor-col-50 elementor-top-column elementor-element elementor-element-33713b9\" data-id=\"33713b9\" data-element_type=\"column\">\n\t\t\t<div class=\"elementor-widget-wrap elementor-element-populated\">\n\t\t\t\t\t\t<div class=\"elementor-element elementor-element-942673b elementor-widget elementor-widget-image\" data-id=\"942673b\" data-element_type=\"widget\" data-widget_type=\"image.default\">\n\t\t\t\t<div class=\"elementor-widget-container\">\n\t\t\t\t\t\t\t\t\t\t\t\t\t\t\t<img fetchpriority=\"high\" decoding=\"async\" width=\"2000\" height=\"1333\" src=\"https:\/\/www.servicewithpassion.com\/wp-content\/uploads\/Chauffeur-service-1.jpg\" class=\"attachment-full size-full wp-image-2474\" alt=\"Chauffeur service\" srcset=\"https:\/\/www.servicewithpassion.com\/wp-content\/uploads\/Chauffeur-service-1.jpg 2000w, https:\/\/www.servicewithpassion.com\/wp-content\/uploads\/Chauffeur-service-1-300x200.jpg 300w, https:\/\/www.servicewithpassion.com\/wp-content\/uploads\/Chauffeur-service-1-1030x686.jpg 1030w, https:\/\/www.servicewithpassion.com\/wp-content\/uploads\/Chauffeur-service-1-768x512.jpg 768w, https:\/\/www.servicewithpassion.com\/wp-content\/uploads\/Chauffeur-service-1-1536x1024.jpg 1536w, https:\/\/www.servicewithpassion.com\/wp-content\/uploads\/Chauffeur-service-1-1500x1000.jpg 1500w, https:\/\/www.servicewithpassion.com\/wp-content\/uploads\/Chauffeur-service-1-705x470.jpg 705w\" sizes=\"(max-width: 2000px) 100vw, 2000px\" \/>\t\t\t\t\t\t\t\t\t\t\t\t\t\t\t<\/div>\n\t\t\t\t<\/div>\n\t\t\t\t\t<\/div>\n\t\t<\/div>\n\t\t\t\t<div class=\"elementor-column elementor-col-50 elementor-top-column elementor-element elementor-element-ed5a92c\" data-id=\"ed5a92c\" data-element_type=\"column\">\n\t\t\t<div class=\"elementor-widget-wrap elementor-element-populated\">\n\t\t\t\t\t\t<div class=\"elementor-element elementor-element-1b9b048 elementor-widget elementor-widget-image\" data-id=\"1b9b048\" data-element_type=\"widget\" data-widget_type=\"image.default\">\n\t\t\t\t<div class=\"elementor-widget-container\">\n\t\t\t\t\t\t\t\t\t\t\t\t\t\t\t<img decoding=\"async\" width=\"2000\" height=\"1333\" src=\"https:\/\/www.servicewithpassion.com\/wp-content\/uploads\/Chauffeur-service-2.jpg\" class=\"attachment-full size-full wp-image-2473\" alt=\"Chauffeur service\" srcset=\"https:\/\/www.servicewithpassion.com\/wp-content\/uploads\/Chauffeur-service-2.jpg 2000w, https:\/\/www.servicewithpassion.com\/wp-content\/uploads\/Chauffeur-service-2-300x200.jpg 300w, https:\/\/www.servicewithpassion.com\/wp-content\/uploads\/Chauffeur-service-2-1030x686.jpg 1030w, https:\/\/www.servicewithpassion.com\/wp-content\/uploads\/Chauffeur-service-2-768x512.jpg 768w, https:\/\/www.servicewithpassion.com\/wp-content\/uploads\/Chauffeur-service-2-1536x1024.jpg 1536w, https:\/\/www.servicewithpassion.com\/wp-content\/uploads\/Chauffeur-service-2-1500x1000.jpg 1500w, https:\/\/www.servicewithpassion.com\/wp-content\/uploads\/Chauffeur-service-2-705x470.jpg 705w\" sizes=\"(max-width: 2000px) 100vw, 2000px\" \/>\t\t\t\t\t\t\t\t\t\t\t\t\t\t\t<\/div>\n\t\t\t\t<\/div>\n\t\t\t\t\t<\/div>\n\t\t<\/div>\n\t\t\t\t\t<\/div>\n\t\t<\/section>\n\t\t\t\t<section class=\"elementor-section elementor-top-section elementor-element elementor-element-5dab29d elementor-section-boxed elementor-section-height-default elementor-section-height-default\" data-id=\"5dab29d\" data-element_type=\"section\" data-settings=\"{&quot;background_background&quot;:&quot;classic&quot;}\">\n\t\t\t\t\t\t<div class=\"elementor-container elementor-column-gap-default\">\n\t\t\t\t\t<div class=\"elementor-column elementor-col-100 elementor-top-column elementor-element elementor-element-58674af\" data-id=\"58674af\" data-element_type=\"column\">\n\t\t\t<div class=\"elementor-widget-wrap elementor-element-populated\">\n\t\t\t\t\t\t<div class=\"elementor-element elementor-element-09332d7 elementor-align-center elementor-widget elementor-widget-button\" data-id=\"09332d7\" data-element_type=\"widget\" data-widget_type=\"button.default\">\n\t\t\t\t<div class=\"elementor-widget-container\">\n\t\t\t\t\t\t\t\t\t<div class=\"elementor-button-wrapper\">\n\t\t\t\t\t<a class=\"elementor-button elementor-button-link elementor-size-sm\" href=\"\/de\/contact-us\/\">\n\t\t\t\t\t\t<span class=\"elementor-button-content-wrapper\">\n\t\t\t\t\t\t\t\t\t<span class=\"elementor-button-text\">Request now<\/span>\n\t\t\t\t\t<\/span>\n\t\t\t\t\t<\/a>\n\t\t\t\t<\/div>\n\t\t\t\t\t\t\t\t<\/div>\n\t\t\t\t<\/div>\n\t\t\t\t\t<\/div>\n\t\t<\/div>\n\t\t\t\t\t<\/div>\n\t\t<\/section>\n\t\t\t\t<\/div>","protected":false},"excerpt":{"rendered":"<p>Chauffeur Service The quality Chauffeur service in Mallorca. Request now Private, professional and discreet chauffeurs\u2019 available day and night for VIP airport pickups and transfers, wedding transfers, in-depth personal tours of Mallorca, or just a ride in style between the jet and yacht. Door to door service from our tested professional drivers for groups in [&hellip;]<\/p>","protected":false},"author":4,"featured_media":1616,"parent":0,"menu_order":0,"comment_status":"closed","ping_status":"closed","template":"elementor_header_footer","meta":{"inline_featured_image":false,"site-sidebar-layout":"no-sidebar","site-content-layout":"page-builder","ast-site-content-layout":"default","site-content-style":"default","site-sidebar-style":"default","ast-global-header-display":"","ast-banner-title-visibility":"","ast-main-header-display":"","ast-hfb-above-header-display":"","ast-hfb-below-header-display":"","ast-hfb-mobile-header-display":"","site-post-title":"","ast-breadcrumbs-content":"","ast-featured-img":"","footer-sml-layout":"","theme-transparent-header-meta":"","adv-header-id-meta":"","stick-header-meta":"","header-above-stick-meta":"","header-main-stick-meta":"","header-below-stick-meta":"","astra-migrate-meta-layouts":"default","ast-page-background-enabled":"default","ast-page-background-meta":{"desktop":{"background-color":"var(--ast-global-color-4)","background-image":"","background-repeat":"repeat","background-position":"center center","background-size":"auto","background-attachment":"scroll","background-type":"","background-media":"","overlay-type":"","overlay-color":"","overlay-opacity":"","overlay-gradient":""},"tablet":{"background-color":"","background-image":"","background-repeat":"repeat","background-position":"center center","background-size":"auto","background-attachment":"scroll","background-type":"","background-media":"","overlay-type":"","overlay-color":"","overlay-opacity":"","overlay-gradient":""},"mobile":{"background-color":"","background-image":"","background-repeat":"repeat","background-position":"center center","background-size":"auto","background-attachment":"scroll","background-type":"","background-media":"","overlay-type":"","overlay-color":"","overlay-opacity":"","overlay-gradient":""}},"ast-content-background-meta":{"desktop":{"background-color":"var(--ast-global-color-5)","background-image":"","background-repeat":"repeat","background-position":"center center","background-size":"auto","background-attachment":"scroll","background-type":"","background-media":"","overlay-type":"","overlay-color":"","overlay-opacity":"","overlay-gradient":""},"tablet":{"background-color":"var(--ast-global-color-5)","background-image":"","background-repeat":"repeat","background-position":"center center","background-size":"auto","background-attachment":"scroll","background-type":"","background-media":"","overlay-type":"","overlay-color":"","overlay-opacity":"","overlay-gradient":""},"mobile":{"background-color":"var(--ast-global-color-5)","background-image":"","background-repeat":"repeat","background-position":"center center","background-size":"auto","background-attachment":"scroll","background-type":"","background-media":"","overlay-type":"","overlay-color":"","overlay-opacity":"","overlay-gradient":""}},"footnotes":""},"class_list":["post-2467","page","type-page","status-publish","has-post-thumbnail","hentry"],"yoast_head":"<!-- This site is optimized with the Yoast SEO plugin v25.5 - https:\/\/yoast.com\/wordpress\/plugins\/seo\/ -->\n<title>Chauffeur Service | Service with passion<\/title>\n<meta name=\"description\" content=\"Chauffeur Service Welcome to Service with Passion, the concierge service that leaves nothing to be desired.\" \/>\n<meta name=\"robots\" content=\"index, follow, max-snippet:-1, max-image-preview:large, max-video-preview:-1\" \/>\n<link rel=\"canonical\" href=\"https:\/\/www.servicewithpassion.com\/de\/chauffeur-service\/\" \/>\n<meta property=\"og:locale\" content=\"de_DE\" \/>\n<meta property=\"og:type\" content=\"article\" \/>\n<meta property=\"og:title\" content=\"Chauffeur Service | Service with passion\" \/>\n<meta property=\"og:description\" content=\"Chauffeur Service Welcome to Service with Passion, the concierge service that leaves nothing to be desired.\" \/>\n<meta property=\"og:url\" content=\"https:\/\/www.servicewithpassion.com\/de\/chauffeur-service\/\" \/>\n<meta property=\"og:site_name\" content=\"Service with passion\" \/>\n<meta property=\"article:modified_time\" content=\"2023-06-12T11:28:46+00:00\" \/>\n<meta name=\"twitter:card\" content=\"summary_large_image\" \/>\n<meta name=\"twitter:label1\" content=\"Gesch\u00e4tzte Lesezeit\" \/>\n\t<meta name=\"twitter:data1\" content=\"1\u00a0Minute\" \/>\n<script type=\"application\/ld+json\" class=\"yoast-schema-graph\">{\"@context\":\"https:\/\/schema.org\",\"@graph\":[{\"@type\":\"WebPage\",\"@id\":\"https:\/\/www.servicewithpassion.com\/chauffeur-service\/\",\"url\":\"https:\/\/www.servicewithpassion.com\/chauffeur-service\/\",\"name\":\"Chauffeur Service | Service with passion\",\"isPartOf\":{\"@id\":\"https:\/\/www.servicewithpassion.com\/#website\"},\"primaryImageOfPage\":{\"@id\":\"https:\/\/www.servicewithpassion.com\/chauffeur-service\/#primaryimage\"},\"image\":{\"@id\":\"https:\/\/www.servicewithpassion.com\/chauffeur-service\/#primaryimage\"},\"thumbnailUrl\":\"https:\/\/www.servicewithpassion.com\/wp-content\/uploads\/service_with_passion_logo_white.svg\",\"datePublished\":\"2023-06-06T08:15:18+00:00\",\"dateModified\":\"2023-06-12T11:28:46+00:00\",\"description\":\"Chauffeur Service Welcome to Service with Passion, the concierge service that leaves nothing to be desired.\",\"breadcrumb\":{\"@id\":\"https:\/\/www.servicewithpassion.com\/chauffeur-service\/#breadcrumb\"},\"inLanguage\":\"de\",\"potentialAction\":[{\"@type\":\"ReadAction\",\"target\":[\"https:\/\/www.servicewithpassion.com\/chauffeur-service\/\"]}]},{\"@type\":\"ImageObject\",\"inLanguage\":\"de\",\"@id\":\"https:\/\/www.servicewithpassion.com\/chauffeur-service\/#primaryimage\",\"url\":\"https:\/\/www.servicewithpassion.com\/wp-content\/uploads\/service_with_passion_logo_white.svg\",\"contentUrl\":\"https:\/\/www.servicewithpassion.com\/wp-content\/uploads\/service_with_passion_logo_white.svg\",\"width\":2600,\"height\":2831,\"caption\":\"service_with_passion_logo_white\"},{\"@type\":\"BreadcrumbList\",\"@id\":\"https:\/\/www.servicewithpassion.com\/chauffeur-service\/#breadcrumb\",\"itemListElement\":[{\"@type\":\"ListItem\",\"position\":1,\"name\":\"Startseite\",\"item\":\"https:\/\/www.servicewithpassion.com\/\"},{\"@type\":\"ListItem\",\"position\":2,\"name\":\"Chauffeur Service\"}]},{\"@type\":\"WebSite\",\"@id\":\"https:\/\/www.servicewithpassion.com\/#website\",\"url\":\"https:\/\/www.servicewithpassion.com\/\",\"name\":\"Service with passion\",\"description\":\"Mallorca\",\"publisher\":{\"@id\":\"https:\/\/www.servicewithpassion.com\/#organization\"},\"potentialAction\":[{\"@type\":\"SearchAction\",\"target\":{\"@type\":\"EntryPoint\",\"urlTemplate\":\"https:\/\/www.servicewithpassion.com\/?s={search_term_string}\"},\"query-input\":{\"@type\":\"PropertyValueSpecification\",\"valueRequired\":true,\"valueName\":\"search_term_string\"}}],\"inLanguage\":\"de\"},{\"@type\":\"Organization\",\"@id\":\"https:\/\/www.servicewithpassion.com\/#organization\",\"name\":\"Service with passion\",\"url\":\"https:\/\/www.servicewithpassion.com\/\",\"logo\":{\"@type\":\"ImageObject\",\"inLanguage\":\"de\",\"@id\":\"https:\/\/www.servicewithpassion.com\/#\/schema\/logo\/image\/\",\"url\":\"https:\/\/www.servicewithpassion.com\/wp-content\/uploads\/2023\/01\/service_with_passion_Logo-1.png\",\"contentUrl\":\"https:\/\/www.servicewithpassion.com\/wp-content\/uploads\/2023\/01\/service_with_passion_Logo-1.png\",\"width\":340,\"height\":156,\"caption\":\"Service with passion\"},\"image\":{\"@id\":\"https:\/\/www.servicewithpassion.com\/#\/schema\/logo\/image\/\"}}]}<\/script>\n<!-- \/ Yoast SEO plugin. -->","yoast_head_json":{"title":"Chauffeur Service | Service with passion","description":"Chauffeur Service Welcome to Service with Passion, the concierge service that leaves nothing to be desired.","robots":{"index":"index","follow":"follow","max-snippet":"max-snippet:-1","max-image-preview":"max-image-preview:large","max-video-preview":"max-video-preview:-1"},"canonical":"https:\/\/www.servicewithpassion.com\/de\/chauffeur-service\/","og_locale":"de_DE","og_type":"article","og_title":"Chauffeur Service | Service with passion","og_description":"Chauffeur Service Welcome to Service with Passion, the concierge service that leaves nothing to be desired.","og_url":"https:\/\/www.servicewithpassion.com\/de\/chauffeur-service\/","og_site_name":"Service with passion","article_modified_time":"2023-06-12T11:28:46+00:00","twitter_card":"summary_large_image","twitter_misc":{"Gesch\u00e4tzte Lesezeit":"1\u00a0Minute"},"schema":{"@context":"https:\/\/schema.org","@graph":[{"@type":"WebPage","@id":"https:\/\/www.servicewithpassion.com\/chauffeur-service\/","url":"https:\/\/www.servicewithpassion.com\/chauffeur-service\/","name":"Chauffeur Service | Service with passion","isPartOf":{"@id":"https:\/\/www.servicewithpassion.com\/#website"},"primaryImageOfPage":{"@id":"https:\/\/www.servicewithpassion.com\/chauffeur-service\/#primaryimage"},"image":{"@id":"https:\/\/www.servicewithpassion.com\/chauffeur-service\/#primaryimage"},"thumbnailUrl":"https:\/\/www.servicewithpassion.com\/wp-content\/uploads\/service_with_passion_logo_white.svg","datePublished":"2023-06-06T08:15:18+00:00","dateModified":"2023-06-12T11:28:46+00:00","description":"Chauffeur Service Welcome to Service with Passion, the concierge service that leaves nothing to be desired.","breadcrumb":{"@id":"https:\/\/www.servicewithpassion.com\/chauffeur-service\/#breadcrumb"},"inLanguage":"de","potentialAction":[{"@type":"ReadAction","target":["https:\/\/www.servicewithpassion.com\/chauffeur-service\/"]}]},{"@type":"ImageObject","inLanguage":"de","@id":"https:\/\/www.servicewithpassion.com\/chauffeur-service\/#primaryimage","url":"https:\/\/www.servicewithpassion.com\/wp-content\/uploads\/service_with_passion_logo_white.svg","contentUrl":"https:\/\/www.servicewithpassion.com\/wp-content\/uploads\/service_with_passion_logo_white.svg","width":2600,"height":2831,"caption":"service_with_passion_logo_white"},{"@type":"BreadcrumbList","@id":"https:\/\/www.servicewithpassion.com\/chauffeur-service\/#breadcrumb","itemListElement":[{"@type":"ListItem","position":1,"name":"Startseite","item":"https:\/\/www.servicewithpassion.com\/"},{"@type":"ListItem","position":2,"name":"Chauffeur Service"}]},{"@type":"WebSite","@id":"https:\/\/www.servicewithpassion.com\/#website","url":"https:\/\/www.servicewithpassion.com\/","name":"Service mit Leidenschaft","description":"Mallorca","publisher":{"@id":"https:\/\/www.servicewithpassion.com\/#organization"},"potentialAction":[{"@type":"SearchAction","target":{"@type":"EntryPoint","urlTemplate":"https:\/\/www.servicewithpassion.com\/?s={search_term_string}"},"query-input":{"@type":"PropertyValueSpecification","valueRequired":true,"valueName":"search_term_string"}}],"inLanguage":"de"},{"@type":"Organization","@id":"https:\/\/www.servicewithpassion.com\/#organization","name":"Service mit Leidenschaft","url":"https:\/\/www.servicewithpassion.com\/","logo":{"@type":"ImageObject","inLanguage":"de","@id":"https:\/\/www.servicewithpassion.com\/#\/schema\/logo\/image\/","url":"https:\/\/www.servicewithpassion.com\/wp-content\/uploads\/2023\/01\/service_with_passion_Logo-1.png","contentUrl":"https:\/\/www.servicewithpassion.com\/wp-content\/uploads\/2023\/01\/service_with_passion_Logo-1.png","width":340,"height":156,"caption":"Service with passion"},"image":{"@id":"https:\/\/www.servicewithpassion.com\/#\/schema\/logo\/image\/"}}]}},"_links":{"self":[{"href":"https:\/\/www.servicewithpassion.com\/de\/wp-json\/wp\/v2\/pages\/2467","targetHints":{"allow":["GET"]}}],"collection":[{"href":"https:\/\/www.servicewithpassion.com\/de\/wp-json\/wp\/v2\/pages"}],"about":[{"href":"https:\/\/www.servicewithpassion.com\/de\/wp-json\/wp\/v2\/types\/page"}],"author":[{"embeddable":true,"href":"https:\/\/www.servicewithpassion.com\/de\/wp-json\/wp\/v2\/users\/4"}],"replies":[{"embeddable":true,"href":"https:\/\/www.servicewithpassion.com\/de\/wp-json\/wp\/v2\/comments?post=2467"}],"version-history":[{"count":0,"href":"https:\/\/www.servicewithpassion.com\/de\/wp-json\/wp\/v2\/pages\/2467\/revisions"}],"wp:featuredmedia":[{"embeddable":true,"href":"https:\/\/www.servicewithpassion.com\/de\/wp-json\/wp\/v2\/media\/1616"}],"wp:attachment":[{"href":"https:\/\/www.servicewithpassion.com\/de\/wp-json\/wp\/v2\/media?parent=2467"}],"curies":[{"name":"wp","href":"https:\/\/api.w.org\/{rel}","templated":true}]}}