{"id":6175,"date":"2025-12-23T17:36:47","date_gmt":"2025-12-23T16:36:47","guid":{"rendered":"https:\/\/www.servicewithpassion.com\/?page_id=6175"},"modified":"2026-01-20T18:25:40","modified_gmt":"2026-01-20T17:25:40","slug":"service-training-staff-coaching","status":"publish","type":"page","link":"https:\/\/www.servicewithpassion.com\/es\/service-training-staff-coaching\/","title":{"rendered":"Entrenamiento del personal"},"content":{"rendered":"<div data-elementor-type=\"wp-page\" data-elementor-id=\"6175\" class=\"elementor elementor-6175\" data-elementor-post-type=\"page\">\n\t\t\t\t\t\t<section class=\"elementor-section elementor-top-section elementor-element elementor-element-0cafd28 elementor-section-boxed elementor-section-height-default elementor-section-height-default\" data-id=\"0cafd28\" data-element_type=\"section\" data-settings=\"{&quot;background_background&quot;:&quot;slideshow&quot;,&quot;background_slideshow_gallery&quot;:[{&quot;id&quot;:79,&quot;url&quot;:&quot;https:\\\/\\\/www.servicewithpassion.com\\\/wp-content\\\/uploads\\\/2023\\\/01\\\/service_with_passion_Concierge-Service_Mallorca_008.jpg&quot;},{&quot;id&quot;:4281,&quot;url&quot;:&quot;https:\\\/\\\/www.servicewithpassion.com\\\/wp-content\\\/uploads\\\/finca-support-murat.png&quot;},{&quot;id&quot;:80,&quot;url&quot;:&quot;https:\\\/\\\/www.servicewithpassion.com\\\/wp-content\\\/uploads\\\/2023\\\/01\\\/service_with_passion_Concierge-Service_Mallorca_009.jpg&quot;},{&quot;id&quot;:4253,&quot;url&quot;:&quot;https:\\\/\\\/www.servicewithpassion.com\\\/wp-content\\\/uploads\\\/heli-4-1.png&quot;}],&quot;background_slideshow_lazyload&quot;:&quot;yes&quot;,&quot;background_slideshow_ken_burns&quot;:&quot;yes&quot;,&quot;background_slideshow_loop&quot;:&quot;yes&quot;,&quot;background_slideshow_slide_duration&quot;:5000,&quot;background_slideshow_slide_transition&quot;:&quot;fade&quot;,&quot;background_slideshow_transition_duration&quot;:500,&quot;background_slideshow_ken_burns_zoom_direction&quot;:&quot;in&quot;}\">\n\t\t\t\t\t\t\t<div class=\"elementor-background-overlay\"><\/div>\n\t\t\t\t\t\t\t<div class=\"elementor-container elementor-column-gap-default\">\n\t\t\t\t\t<div class=\"elementor-column elementor-col-50 elementor-top-column elementor-element elementor-element-6ae865f\" data-id=\"6ae865f\" data-element_type=\"column\">\n\t\t\t<div class=\"elementor-widget-wrap elementor-element-populated\">\n\t\t\t\t\t\t<div class=\"elementor-element elementor-element-81c49d9 elementor-widget elementor-widget-heading\" data-id=\"81c49d9\" data-element_type=\"widget\" data-widget_type=\"heading.default\">\n\t\t\t\t<div class=\"elementor-widget-container\">\n\t\t\t\t\t<h1 class=\"elementor-heading-title elementor-size-default\">Staff Training in Hospitality<\/h1>\t\t\t\t<\/div>\n\t\t\t\t<\/div>\n\t\t\t\t<div class=\"elementor-element elementor-element-b67590b elementor-widget elementor-widget-heading\" data-id=\"b67590b\" data-element_type=\"widget\" data-widget_type=\"heading.default\">\n\t\t\t\t<div class=\"elementor-widget-container\">\n\t\t\t\t\t<p class=\"elementor-heading-title elementor-size-default\">Somos la elecci\u00f3n adecuada para cualquiera que busque formar su personal, o porsupuesto, a s\u00ed mismo, en el arte de ofrecer un servicio excelente.<\/p>\t\t\t\t<\/div>\n\t\t\t\t<\/div>\n\t\t\t\t<div class=\"elementor-element elementor-element-fab2679 elementor-align-left elementor-widget elementor-widget-button\" data-id=\"fab2679\" data-element_type=\"widget\" data-widget_type=\"button.default\">\n\t\t\t\t<div class=\"elementor-widget-container\">\n\t\t\t\t\t\t\t\t\t<div class=\"elementor-button-wrapper\">\n\t\t\t\t\t<a class=\"elementor-button elementor-button-link elementor-size-sm\" href=\"\/es\/contact-us\/\">\n\t\t\t\t\t\t<span class=\"elementor-button-content-wrapper\">\n\t\t\t\t\t\t\t\t\t<span class=\"elementor-button-text\">Solicitar ahora<\/span>\n\t\t\t\t\t<\/span>\n\t\t\t\t\t<\/a>\n\t\t\t\t<\/div>\n\t\t\t\t\t\t\t\t<\/div>\n\t\t\t\t<\/div>\n\t\t\t\t\t<\/div>\n\t\t<\/div>\n\t\t\t\t<div class=\"elementor-column elementor-col-50 elementor-top-column elementor-element elementor-element-27cf6ed\" data-id=\"27cf6ed\" data-element_type=\"column\">\n\t\t\t<div class=\"elementor-widget-wrap\">\n\t\t\t\t\t\t\t<\/div>\n\t\t<\/div>\n\t\t\t\t\t<\/div>\n\t\t<\/section>\n\t\t\t\t<section class=\"elementor-section elementor-top-section elementor-element elementor-element-85105b1 elementor-section-boxed elementor-section-height-default elementor-section-height-default\" data-id=\"85105b1\" data-element_type=\"section\">\n\t\t\t\t\t\t<div class=\"elementor-container elementor-column-gap-default\">\n\t\t\t\t\t<div class=\"elementor-column elementor-col-100 elementor-top-column elementor-element elementor-element-a90316d\" data-id=\"a90316d\" data-element_type=\"column\">\n\t\t\t<div class=\"elementor-widget-wrap elementor-element-populated\">\n\t\t\t\t\t\t<div class=\"elementor-element elementor-element-735fb4b elementor-widget elementor-widget-heading\" data-id=\"735fb4b\" data-element_type=\"widget\" data-widget_type=\"heading.default\">\n\t\t\t\t<div class=\"elementor-widget-container\">\n\t\t\t\t\t<p class=\"elementor-heading-title elementor-size-default\">Nos enfocamos en una metodolog\u00eda personalizada, discreta, y completamente privatizada. Trabajamos con empresas y particulares de diferentes sectores, as\u00ed como empresas internacionales en toda Europa. <\/p>\t\t\t\t<\/div>\n\t\t\t\t<\/div>\n\t\t\t\t<div class=\"elementor-element elementor-element-a5360cf elementor-widget elementor-widget-heading\" data-id=\"a5360cf\" data-element_type=\"widget\" data-widget_type=\"heading.default\">\n\t\t\t\t<div class=\"elementor-widget-container\">\n\t\t\t\t\t<p class=\"elementor-heading-title elementor-size-default\">Nuestro planteamiento es que en la atenci\u00f3n al cliente la excelencia va m\u00e1s all\u00e1 de una amable sonrisa.<\/p>\t\t\t\t<\/div>\n\t\t\t\t<\/div>\n\t\t\t\t<div class=\"elementor-element elementor-element-26ca5ef elementor-widget elementor-widget-heading\" data-id=\"26ca5ef\" data-element_type=\"widget\" data-widget_type=\"heading.default\">\n\t\t\t\t<div class=\"elementor-widget-container\">\n\t\t\t\t\t<p class=\"elementor-heading-title elementor-size-default\">Es la pasi\u00f3n y la visi\u00f3n de un comportamiento personal pero discreto, que reconoce la capacidad de permanecer accesible sin convertirse en invasivo, que percibe los detalles ocultos que existen en la vida cotidiana de los clientes.<\/p>\t\t\t\t<\/div>\n\t\t\t\t<\/div>\n\t\t\t\t<div class=\"elementor-element elementor-element-7194e69 elementor-widget elementor-widget-heading\" data-id=\"7194e69\" data-element_type=\"widget\" data-widget_type=\"heading.default\">\n\t\t\t\t<div class=\"elementor-widget-container\">\n\t\t\t\t\t<p class=\"elementor-heading-title elementor-size-default\">El objetivo de nuestra formaci\u00f3n altamente profesional no solo es presentar una formaci\u00f3n gen\u00e9rica, sino trabajar el potencial oculto de cada participante de forma individualizada, y qu\u00e9 aproveche sus talentos y pasiones, para ofrecer un servicio marcado por la cercan\u00eda, la calidad, total discreci\u00f3n y distinci\u00f3n en cualquier elemento de la atenci\u00f3n al cliente.<\/p>\t\t\t\t<\/div>\n\t\t\t\t<\/div>\n\t\t\t\t<div class=\"elementor-element elementor-element-5cbfabb elementor-widget elementor-widget-heading\" data-id=\"5cbfabb\" data-element_type=\"widget\" data-widget_type=\"heading.default\">\n\t\t\t\t<div class=\"elementor-widget-container\">\n\t\t\t\t\t<p class=\"elementor-heading-title elementor-size-default\">Ser\u00e1 un viaje apasionante adaptado a las necesidades de su empresa, al tiempo que mejorar\u00e1 la aptitud y su propio entusiasmo o el de su personal.<\/p>\t\t\t\t<\/div>\n\t\t\t\t<\/div>\n\t\t\t\t<div class=\"elementor-element elementor-element-dfaf039 elementor-widget elementor-widget-text-editor\" data-id=\"dfaf039\" data-element_type=\"widget\" data-widget_type=\"text-editor.default\">\n\t\t\t\t<div class=\"elementor-widget-container\">\n\t\t\t\t\t\t\t\t\t<p>Feel free to <span style=\"text-decoration: underline; color: #89401b;\"><a style=\"color: #89401b; text-decoration: underline;\" href=\"\/es\/contact-us\/\">Contacta con nosotros<\/a><\/span>!<\/p>\t\t\t\t\t\t\t\t<\/div>\n\t\t\t\t<\/div>\n\t\t\t\t\t<\/div>\n\t\t<\/div>\n\t\t\t\t\t<\/div>\n\t\t<\/section>\n\t\t\t\t<section class=\"elementor-section elementor-top-section elementor-element elementor-element-5717c4f elementor-section-boxed elementor-section-height-default elementor-section-height-default\" data-id=\"5717c4f\" data-element_type=\"section\" data-settings=\"{&quot;background_background&quot;:&quot;slideshow&quot;,&quot;background_slideshow_gallery&quot;:[{&quot;id&quot;:80,&quot;url&quot;:&quot;https:\\\/\\\/www.servicewithpassion.com\\\/wp-content\\\/uploads\\\/2023\\\/01\\\/service_with_passion_Concierge-Service_Mallorca_009.jpg&quot;},{&quot;id&quot;:4281,&quot;url&quot;:&quot;https:\\\/\\\/www.servicewithpassion.com\\\/wp-content\\\/uploads\\\/finca-support-murat.png&quot;},{&quot;id&quot;:79,&quot;url&quot;:&quot;https:\\\/\\\/www.servicewithpassion.com\\\/wp-content\\\/uploads\\\/2023\\\/01\\\/service_with_passion_Concierge-Service_Mallorca_008.jpg&quot;}],&quot;background_slideshow_ken_burns&quot;:&quot;yes&quot;,&quot;background_slideshow_loop&quot;:&quot;yes&quot;,&quot;background_slideshow_slide_duration&quot;:5000,&quot;background_slideshow_slide_transition&quot;:&quot;fade&quot;,&quot;background_slideshow_transition_duration&quot;:500,&quot;background_slideshow_ken_burns_zoom_direction&quot;:&quot;in&quot;}\">\n\t\t\t\t\t\t<div class=\"elementor-container elementor-column-gap-default\">\n\t\t\t\t\t<div class=\"elementor-column elementor-col-100 elementor-top-column elementor-element elementor-element-22cf5b9\" data-id=\"22cf5b9\" data-element_type=\"column\">\n\t\t\t<div class=\"elementor-widget-wrap\">\n\t\t\t\t\t\t\t<\/div>\n\t\t<\/div>\n\t\t\t\t\t<\/div>\n\t\t<\/section>\n\t\t\t\t<section class=\"elementor-section elementor-top-section elementor-element elementor-element-d27991f elementor-section-boxed elementor-section-height-default elementor-section-height-default\" data-id=\"d27991f\" data-element_type=\"section\" data-settings=\"{&quot;background_background&quot;:&quot;classic&quot;}\">\n\t\t\t\t\t\t<div class=\"elementor-container elementor-column-gap-default\">\n\t\t\t\t\t<div class=\"elementor-column elementor-col-100 elementor-top-column elementor-element elementor-element-d6118c5\" data-id=\"d6118c5\" data-element_type=\"column\">\n\t\t\t<div class=\"elementor-widget-wrap elementor-element-populated\">\n\t\t\t\t\t\t<div class=\"elementor-element elementor-element-cf4ea39 elementor-align-center elementor-widget elementor-widget-button\" data-id=\"cf4ea39\" data-element_type=\"widget\" data-widget_type=\"button.default\">\n\t\t\t\t<div class=\"elementor-widget-container\">\n\t\t\t\t\t\t\t\t\t<div class=\"elementor-button-wrapper\">\n\t\t\t\t\t<a class=\"elementor-button elementor-button-link elementor-size-sm\" href=\"\/es\/contact-us\/\">\n\t\t\t\t\t\t<span class=\"elementor-button-content-wrapper\">\n\t\t\t\t\t\t\t\t\t<span class=\"elementor-button-text\">Solicitar ahora<\/span>\n\t\t\t\t\t<\/span>\n\t\t\t\t\t<\/a>\n\t\t\t\t<\/div>\n\t\t\t\t\t\t\t\t<\/div>\n\t\t\t\t<\/div>\n\t\t\t\t\t<\/div>\n\t\t<\/div>\n\t\t\t\t\t<\/div>\n\t\t<\/section>\n\t\t\t\t<\/div>","protected":false},"excerpt":{"rendered":"<p>Staff Training in Hospitality Service with Passion is the right choice for anyone who wants their staff, or of course, themselves, trained in the art of excellent service. Request now We place the highest value on a very personal, discreet, quietly unobtrusive demeanor and absolute privacy and work with companies and individuals from a number [&hellip;]<\/p>","protected":false},"author":15,"featured_media":2448,"parent":0,"menu_order":0,"comment_status":"closed","ping_status":"closed","template":"elementor_header_footer","meta":{"inline_featured_image":false,"site-sidebar-layout":"no-sidebar","site-content-layout":"page-builder","ast-site-content-layout":"full-width-container","site-content-style":"unboxed","site-sidebar-style":"unboxed","ast-global-header-display":"","ast-banner-title-visibility":"","ast-main-header-display":"","ast-hfb-above-header-display":"","ast-hfb-below-header-display":"","ast-hfb-mobile-header-display":"","site-post-title":"","ast-breadcrumbs-content":"","ast-featured-img":"","footer-sml-layout":"","theme-transparent-header-meta":"","adv-header-id-meta":"","stick-header-meta":"","header-above-stick-meta":"","header-main-stick-meta":"","header-below-stick-meta":"","astra-migrate-meta-layouts":"set","ast-page-background-enabled":"default","ast-page-background-meta":{"desktop":{"background-color":"var(--ast-global-color-4)","background-image":"","background-repeat":"repeat","background-position":"center center","background-size":"auto","background-attachment":"scroll","background-type":"","background-media":"","overlay-type":"","overlay-color":"","overlay-opacity":"","overlay-gradient":""},"tablet":{"background-color":"","background-image":"","background-repeat":"repeat","background-position":"center center","background-size":"auto","background-attachment":"scroll","background-type":"","background-media":"","overlay-type":"","overlay-color":"","overlay-opacity":"","overlay-gradient":""},"mobile":{"background-color":"","background-image":"","background-repeat":"repeat","background-position":"center center","background-size":"auto","background-attachment":"scroll","background-type":"","background-media":"","overlay-type":"","overlay-color":"","overlay-opacity":"","overlay-gradient":""}},"ast-content-background-meta":{"desktop":{"background-color":"var(--ast-global-color-5)","background-image":"","background-repeat":"repeat","background-position":"center center","background-size":"auto","background-attachment":"scroll","background-type":"","background-media":"","overlay-type":"","overlay-color":"","overlay-opacity":"","overlay-gradient":""},"tablet":{"background-color":"var(--ast-global-color-5)","background-image":"","background-repeat":"repeat","background-position":"center center","background-size":"auto","background-attachment":"scroll","background-type":"","background-media":"","overlay-type":"","overlay-color":"","overlay-opacity":"","overlay-gradient":""},"mobile":{"background-color":"var(--ast-global-color-5)","background-image":"","background-repeat":"repeat","background-position":"center center","background-size":"auto","background-attachment":"scroll","background-type":"","background-media":"","overlay-type":"","overlay-color":"","overlay-opacity":"","overlay-gradient":""}},"footnotes":""},"class_list":["post-6175","page","type-page","status-publish","has-post-thumbnail","hentry"],"yoast_head":"<!-- This site is optimized with the Yoast SEO plugin v25.5 - https:\/\/yoast.com\/wordpress\/plugins\/seo\/ -->\n<title>Staff Training in Hospitality for Employees | Service with Passion<\/title>\n<meta name=\"description\" content=\"Get top-tier hospitality training for employees with Service with Passion. Elevate your staff&#039;s skills with expert coaching and tailored programs.\" \/>\n<meta name=\"robots\" content=\"index, follow, max-snippet:-1, max-image-preview:large, max-video-preview:-1\" \/>\n<link rel=\"canonical\" href=\"https:\/\/www.servicewithpassion.com\/es\/service-training-staff-coaching\/\" \/>\n<meta property=\"og:locale\" content=\"es_ES\" \/>\n<meta property=\"og:type\" content=\"article\" \/>\n<meta property=\"og:title\" content=\"Staff Training in Hospitality for Employees | Service with Passion\" \/>\n<meta property=\"og:description\" content=\"Get top-tier hospitality training for employees with Service with Passion. Elevate your staff&#039;s skills with expert coaching and tailored programs.\" \/>\n<meta property=\"og:url\" content=\"https:\/\/www.servicewithpassion.com\/es\/service-training-staff-coaching\/\" \/>\n<meta property=\"og:site_name\" content=\"Service with passion\" \/>\n<meta property=\"article:modified_time\" content=\"2026-01-20T17:25:40+00:00\" \/>\n<meta name=\"twitter:card\" content=\"summary_large_image\" \/>\n<meta name=\"twitter:label1\" content=\"Tiempo de lectura\" \/>\n\t<meta name=\"twitter:data1\" content=\"2 minutos\" \/>\n<script type=\"application\/ld+json\" class=\"yoast-schema-graph\">{\"@context\":\"https:\/\/schema.org\",\"@graph\":[{\"@type\":\"WebPage\",\"@id\":\"https:\/\/www.servicewithpassion.com\/service-training-staff-coaching\/\",\"url\":\"https:\/\/www.servicewithpassion.com\/service-training-staff-coaching\/\",\"name\":\"Staff Training in Hospitality for Employees | Service with Passion\",\"isPartOf\":{\"@id\":\"https:\/\/www.servicewithpassion.com\/#website\"},\"primaryImageOfPage\":{\"@id\":\"https:\/\/www.servicewithpassion.com\/service-training-staff-coaching\/#primaryimage\"},\"image\":{\"@id\":\"https:\/\/www.servicewithpassion.com\/service-training-staff-coaching\/#primaryimage\"},\"thumbnailUrl\":\"https:\/\/www.servicewithpassion.com\/wp-content\/uploads\/Staff-training-white-logo.svg\",\"datePublished\":\"2025-12-23T16:36:47+00:00\",\"dateModified\":\"2026-01-20T17:25:40+00:00\",\"description\":\"Get top-tier hospitality training for employees with Service with Passion. Elevate your staff's skills with expert coaching and tailored programs.\",\"breadcrumb\":{\"@id\":\"https:\/\/www.servicewithpassion.com\/service-training-staff-coaching\/#breadcrumb\"},\"inLanguage\":\"es\",\"potentialAction\":[{\"@type\":\"ReadAction\",\"target\":[\"https:\/\/www.servicewithpassion.com\/service-training-staff-coaching\/\"]}]},{\"@type\":\"ImageObject\",\"inLanguage\":\"es\",\"@id\":\"https:\/\/www.servicewithpassion.com\/service-training-staff-coaching\/#primaryimage\",\"url\":\"https:\/\/www.servicewithpassion.com\/wp-content\/uploads\/Staff-training-white-logo.svg\",\"contentUrl\":\"https:\/\/www.servicewithpassion.com\/wp-content\/uploads\/Staff-training-white-logo.svg\",\"width\":3000,\"height\":3000,\"caption\":\"training\"},{\"@type\":\"BreadcrumbList\",\"@id\":\"https:\/\/www.servicewithpassion.com\/service-training-staff-coaching\/#breadcrumb\",\"itemListElement\":[{\"@type\":\"ListItem\",\"position\":1,\"name\":\"Startseite\",\"item\":\"https:\/\/www.servicewithpassion.com\/\"},{\"@type\":\"ListItem\",\"position\":2,\"name\":\"Staff Training\"}]},{\"@type\":\"WebSite\",\"@id\":\"https:\/\/www.servicewithpassion.com\/#website\",\"url\":\"https:\/\/www.servicewithpassion.com\/\",\"name\":\"Service with passion\",\"description\":\"Mallorca\",\"publisher\":{\"@id\":\"https:\/\/www.servicewithpassion.com\/#organization\"},\"potentialAction\":[{\"@type\":\"SearchAction\",\"target\":{\"@type\":\"EntryPoint\",\"urlTemplate\":\"https:\/\/www.servicewithpassion.com\/?s={search_term_string}\"},\"query-input\":{\"@type\":\"PropertyValueSpecification\",\"valueRequired\":true,\"valueName\":\"search_term_string\"}}],\"inLanguage\":\"es\"},{\"@type\":\"Organization\",\"@id\":\"https:\/\/www.servicewithpassion.com\/#organization\",\"name\":\"Service with passion\",\"url\":\"https:\/\/www.servicewithpassion.com\/\",\"logo\":{\"@type\":\"ImageObject\",\"inLanguage\":\"es\",\"@id\":\"https:\/\/www.servicewithpassion.com\/#\/schema\/logo\/image\/\",\"url\":\"https:\/\/www.servicewithpassion.com\/wp-content\/uploads\/2023\/01\/service_with_passion_Logo-1.png\",\"contentUrl\":\"https:\/\/www.servicewithpassion.com\/wp-content\/uploads\/2023\/01\/service_with_passion_Logo-1.png\",\"width\":340,\"height\":156,\"caption\":\"Service with passion\"},\"image\":{\"@id\":\"https:\/\/www.servicewithpassion.com\/#\/schema\/logo\/image\/\"}}]}<\/script>\n<!-- \/ Yoast SEO plugin. -->","yoast_head_json":{"title":"Staff Training in Hospitality for Employees | Service with Passion","description":"Get top-tier hospitality training for employees with Service with Passion. Elevate your staff's skills with expert coaching and tailored programs.","robots":{"index":"index","follow":"follow","max-snippet":"max-snippet:-1","max-image-preview":"max-image-preview:large","max-video-preview":"max-video-preview:-1"},"canonical":"https:\/\/www.servicewithpassion.com\/es\/service-training-staff-coaching\/","og_locale":"es_ES","og_type":"article","og_title":"Staff Training in Hospitality for Employees | Service with Passion","og_description":"Get top-tier hospitality training for employees with Service with Passion. Elevate your staff's skills with expert coaching and tailored programs.","og_url":"https:\/\/www.servicewithpassion.com\/es\/service-training-staff-coaching\/","og_site_name":"Service with passion","article_modified_time":"2026-01-20T17:25:40+00:00","twitter_card":"summary_large_image","twitter_misc":{"Tiempo de lectura":"2 minutos"},"schema":{"@context":"https:\/\/schema.org","@graph":[{"@type":"WebPage","@id":"https:\/\/www.servicewithpassion.com\/service-training-staff-coaching\/","url":"https:\/\/www.servicewithpassion.com\/service-training-staff-coaching\/","name":"Staff Training in Hospitality for Employees | Service with Passion","isPartOf":{"@id":"https:\/\/www.servicewithpassion.com\/#website"},"primaryImageOfPage":{"@id":"https:\/\/www.servicewithpassion.com\/service-training-staff-coaching\/#primaryimage"},"image":{"@id":"https:\/\/www.servicewithpassion.com\/service-training-staff-coaching\/#primaryimage"},"thumbnailUrl":"https:\/\/www.servicewithpassion.com\/wp-content\/uploads\/Staff-training-white-logo.svg","datePublished":"2025-12-23T16:36:47+00:00","dateModified":"2026-01-20T17:25:40+00:00","description":"Get top-tier hospitality training for employees with Service with Passion. Elevate your staff's skills with expert coaching and tailored programs.","breadcrumb":{"@id":"https:\/\/www.servicewithpassion.com\/service-training-staff-coaching\/#breadcrumb"},"inLanguage":"es","potentialAction":[{"@type":"ReadAction","target":["https:\/\/www.servicewithpassion.com\/service-training-staff-coaching\/"]}]},{"@type":"ImageObject","inLanguage":"es","@id":"https:\/\/www.servicewithpassion.com\/service-training-staff-coaching\/#primaryimage","url":"https:\/\/www.servicewithpassion.com\/wp-content\/uploads\/Staff-training-white-logo.svg","contentUrl":"https:\/\/www.servicewithpassion.com\/wp-content\/uploads\/Staff-training-white-logo.svg","width":3000,"height":3000,"caption":"training"},{"@type":"BreadcrumbList","@id":"https:\/\/www.servicewithpassion.com\/service-training-staff-coaching\/#breadcrumb","itemListElement":[{"@type":"ListItem","position":1,"name":"Startseite","item":"https:\/\/www.servicewithpassion.com\/"},{"@type":"ListItem","position":2,"name":"Staff Training"}]},{"@type":"WebSite","@id":"https:\/\/www.servicewithpassion.com\/#website","url":"https:\/\/www.servicewithpassion.com\/","name":"Servicio con pasi\u00f3n","description":"Mallorca","publisher":{"@id":"https:\/\/www.servicewithpassion.com\/#organization"},"potentialAction":[{"@type":"SearchAction","target":{"@type":"EntryPoint","urlTemplate":"https:\/\/www.servicewithpassion.com\/?s={search_term_string}"},"query-input":{"@type":"PropertyValueSpecification","valueRequired":true,"valueName":"search_term_string"}}],"inLanguage":"es"},{"@type":"Organization","@id":"https:\/\/www.servicewithpassion.com\/#organization","name":"Servicio con pasi\u00f3n","url":"https:\/\/www.servicewithpassion.com\/","logo":{"@type":"ImageObject","inLanguage":"es","@id":"https:\/\/www.servicewithpassion.com\/#\/schema\/logo\/image\/","url":"https:\/\/www.servicewithpassion.com\/wp-content\/uploads\/2023\/01\/service_with_passion_Logo-1.png","contentUrl":"https:\/\/www.servicewithpassion.com\/wp-content\/uploads\/2023\/01\/service_with_passion_Logo-1.png","width":340,"height":156,"caption":"Service with passion"},"image":{"@id":"https:\/\/www.servicewithpassion.com\/#\/schema\/logo\/image\/"}}]}},"_links":{"self":[{"href":"https:\/\/www.servicewithpassion.com\/es\/wp-json\/wp\/v2\/pages\/6175","targetHints":{"allow":["GET"]}}],"collection":[{"href":"https:\/\/www.servicewithpassion.com\/es\/wp-json\/wp\/v2\/pages"}],"about":[{"href":"https:\/\/www.servicewithpassion.com\/es\/wp-json\/wp\/v2\/types\/page"}],"author":[{"embeddable":true,"href":"https:\/\/www.servicewithpassion.com\/es\/wp-json\/wp\/v2\/users\/15"}],"replies":[{"embeddable":true,"href":"https:\/\/www.servicewithpassion.com\/es\/wp-json\/wp\/v2\/comments?post=6175"}],"version-history":[{"count":0,"href":"https:\/\/www.servicewithpassion.com\/es\/wp-json\/wp\/v2\/pages\/6175\/revisions"}],"wp:featuredmedia":[{"embeddable":true,"href":"https:\/\/www.servicewithpassion.com\/es\/wp-json\/wp\/v2\/media\/2448"}],"wp:attachment":[{"href":"https:\/\/www.servicewithpassion.com\/es\/wp-json\/wp\/v2\/media?parent=6175"}],"curies":[{"name":"wp","href":"https:\/\/api.w.org\/{rel}","templated":true}]}}