{"id":6179,"date":"2025-12-23T17:30:06","date_gmt":"2025-12-23T16:30:06","guid":{"rendered":"https:\/\/www.servicewithpassion.com\/?page_id=6179"},"modified":"2026-02-23T13:58:13","modified_gmt":"2026-02-23T12:58:13","slug":"estate-and-property-management","status":"publish","type":"page","link":"https:\/\/www.servicewithpassion.com\/es\/estate-and-property-management\/","title":{"rendered":"GESTI\u00d3N DE FINCAS Y PROPIEDADES"},"content":{"rendered":"<div data-elementor-type=\"wp-page\" data-elementor-id=\"6179\" class=\"elementor elementor-6179\" data-elementor-post-type=\"page\">\n\t\t\t\t\t\t<section class=\"elementor-section elementor-top-section elementor-element elementor-element-eaeae4a elementor-section-boxed elementor-section-height-default elementor-section-height-default\" data-id=\"eaeae4a\" data-element_type=\"section\" data-settings=\"{&quot;background_background&quot;:&quot;slideshow&quot;,&quot;background_slideshow_gallery&quot;:[{&quot;id&quot;:6425,&quot;url&quot;:&quot;https:\\\/\\\/www.servicewithpassion.com\\\/wp-content\\\/uploads\\\/Parklane-Limassol-Accommodation-Park-Villa-2-bed-Swimming-Pool-Night-01-LR-3-scaled.jpg&quot;},{&quot;id&quot;:6426,&quot;url&quot;:&quot;https:\\\/\\\/www.servicewithpassion.com\\\/wp-content\\\/uploads\\\/3-1-scaled.jpg&quot;},{&quot;id&quot;:6427,&quot;url&quot;:&quot;https:\\\/\\\/www.servicewithpassion.com\\\/wp-content\\\/uploads\\\/2023_04_23_6351-scaled-2.jpg&quot;},{&quot;id&quot;:6428,&quot;url&quot;:&quot;https:\\\/\\\/www.servicewithpassion.com\\\/wp-content\\\/uploads\\\/13-1-scaled.jpg&quot;}],&quot;background_slideshow_lazyload&quot;:&quot;yes&quot;,&quot;background_slideshow_ken_burns&quot;:&quot;yes&quot;,&quot;background_slideshow_loop&quot;:&quot;yes&quot;,&quot;background_slideshow_slide_duration&quot;:5000,&quot;background_slideshow_slide_transition&quot;:&quot;fade&quot;,&quot;background_slideshow_transition_duration&quot;:500,&quot;background_slideshow_ken_burns_zoom_direction&quot;:&quot;in&quot;}\">\n\t\t\t\t\t\t\t<div class=\"elementor-background-overlay\"><\/div>\n\t\t\t\t\t\t\t<div class=\"elementor-container elementor-column-gap-default\">\n\t\t\t\t\t<div class=\"elementor-column elementor-col-50 elementor-top-column elementor-element elementor-element-16c0901\" data-id=\"16c0901\" data-element_type=\"column\">\n\t\t\t<div class=\"elementor-widget-wrap elementor-element-populated\">\n\t\t\t\t\t\t<div class=\"elementor-element elementor-element-34a925a elementor-widget elementor-widget-heading\" data-id=\"34a925a\" data-element_type=\"widget\" data-widget_type=\"heading.default\">\n\t\t\t\t<div class=\"elementor-widget-container\">\n\t\t\t\t\t<h1 class=\"elementor-heading-title elementor-size-default\">Property Management <\/h1>\t\t\t\t<\/div>\n\t\t\t\t<\/div>\n\t\t\t\t<div class=\"elementor-element elementor-element-3177802 elementor-widget elementor-widget-heading\" data-id=\"3177802\" data-element_type=\"widget\" data-widget_type=\"heading.default\">\n\t\t\t\t<div class=\"elementor-widget-container\">\n\t\t\t\t\t<p class=\"elementor-heading-title elementor-size-default\">Su propiedad de lujo es un activo valioso que tambi\u00e9n requiere servicios de primera clase. \u00bfO acaso mandar\u00eda lavar su Ferrari en un t\u00fanel de lavado local? Probablemente no.<\/p>\t\t\t\t<\/div>\n\t\t\t\t<\/div>\n\t\t\t\t<div class=\"elementor-element elementor-element-8620f90 elementor-align-left elementor-widget elementor-widget-button\" data-id=\"8620f90\" data-element_type=\"widget\" data-widget_type=\"button.default\">\n\t\t\t\t<div class=\"elementor-widget-container\">\n\t\t\t\t\t\t\t\t\t<div class=\"elementor-button-wrapper\">\n\t\t\t\t\t<a class=\"elementor-button elementor-button-link elementor-size-sm\" href=\"\/es\/contact-us\/\">\n\t\t\t\t\t\t<span class=\"elementor-button-content-wrapper\">\n\t\t\t\t\t\t\t\t\t<span class=\"elementor-button-text\">Solicitar ahora<\/span>\n\t\t\t\t\t<\/span>\n\t\t\t\t\t<\/a>\n\t\t\t\t<\/div>\n\t\t\t\t\t\t\t\t<\/div>\n\t\t\t\t<\/div>\n\t\t\t\t\t<\/div>\n\t\t<\/div>\n\t\t\t\t<div class=\"elementor-column elementor-col-50 elementor-top-column elementor-element elementor-element-6a036db elementor-hidden-mobile_extra elementor-hidden-mobile\" data-id=\"6a036db\" data-element_type=\"column\">\n\t\t\t<div class=\"elementor-widget-wrap\">\n\t\t\t\t\t\t\t<\/div>\n\t\t<\/div>\n\t\t\t\t\t<\/div>\n\t\t<\/section>\n\t\t\t\t<section class=\"elementor-section elementor-top-section elementor-element elementor-element-c2eea5d elementor-section-boxed elementor-section-height-default elementor-section-height-default\" data-id=\"c2eea5d\" data-element_type=\"section\">\n\t\t\t\t\t\t<div class=\"elementor-container elementor-column-gap-default\">\n\t\t\t\t\t<div class=\"elementor-column elementor-col-100 elementor-top-column elementor-element elementor-element-3707d25\" data-id=\"3707d25\" data-element_type=\"column\">\n\t\t\t<div class=\"elementor-widget-wrap elementor-element-populated\">\n\t\t\t\t\t\t<div class=\"elementor-element elementor-element-ffea0c0 elementor-widget elementor-widget-heading\" data-id=\"ffea0c0\" data-element_type=\"widget\" data-widget_type=\"heading.default\">\n\t\t\t\t<div class=\"elementor-widget-container\">\n\t\t\t\t\t<p class=\"elementor-heading-title elementor-size-default\">\u00a1En Servicio with Passion sabemos cu\u00e1les son los requisitos exclusivos de las propiedades de alta gama! <\/p>\t\t\t\t<\/div>\n\t\t\t\t<\/div>\n\t\t\t\t<div class=\"elementor-element elementor-element-5c7567a elementor-widget elementor-widget-heading\" data-id=\"5c7567a\" data-element_type=\"widget\" data-widget_type=\"heading.default\">\n\t\t\t\t<div class=\"elementor-widget-container\">\n\t\t\t\t\t<p class=\"elementor-heading-title elementor-size-default\">Mantenemos el nivel de servicio m\u00e1s exclusivo y nos aseguramos de saber lo que es importante para usted, incluso antes de que nos lo diga.<\/p>\t\t\t\t<\/div>\n\t\t\t\t<\/div>\n\t\t\t\t<div class=\"elementor-element elementor-element-27097b1 elementor-widget elementor-widget-heading\" data-id=\"27097b1\" data-element_type=\"widget\" data-widget_type=\"heading.default\">\n\t\t\t\t<div class=\"elementor-widget-container\">\n\t\t\t\t\t<p class=\"elementor-heading-title elementor-size-default\">Dise\u00f1ando un concepto completamente individual para cada propiedad y teniendo un sentimiento especial por cada casa y su historia, siempre buscaremos superar sus expectativas.<br>\nSabemos que tener a su disposici\u00f3n en todo momento un asesor personal, gestionando perfectamente el equipo de su propiedad y sabiendo cumplir sus deseos, sin que usted tenga que formularlos, \u00a1no tiene precio!<\/p>\t\t\t\t<\/div>\n\t\t\t\t<\/div>\n\t\t\t\t<div class=\"elementor-element elementor-element-57e4064 elementor-widget elementor-widget-heading\" data-id=\"57e4064\" data-element_type=\"widget\" data-widget_type=\"heading.default\">\n\t\t\t\t<div class=\"elementor-widget-container\">\n\t\t\t\t\t<p class=\"elementor-heading-title elementor-size-default\">Solo trabajamos con los m\u00e1s reputados y mejores proveedores de servicios, comprometidos con su bienestar las 24 horas del d\u00eda y, por supuesto, con la m\u00e1xima discreci\u00f3n, tambi\u00e9n en el \u00e1mbito del mantenimiento.<\/p>\t\t\t\t<\/div>\n\t\t\t\t<\/div>\n\t\t\t\t<div class=\"elementor-element elementor-element-66dced6 elementor-widget elementor-widget-heading\" data-id=\"66dced6\" data-element_type=\"widget\" data-widget_type=\"heading.default\">\n\t\t\t\t<div class=\"elementor-widget-container\">\n\t\t\t\t\t<p class=\"elementor-heading-title elementor-size-default\">Incluso si no est\u00e1 en casa durante un periodo extendido, su casa est\u00e1 en las mejores manos con nuestra administraci\u00f3n de fincas y propiedades.\n\u00a1esperando su pr\u00f3xima estancia con la mayor perfecci\u00f3n! <\/p>\t\t\t\t<\/div>\n\t\t\t\t<\/div>\n\t\t\t\t<div class=\"elementor-element elementor-element-f4e91aa elementor-widget elementor-widget-text-editor\" data-id=\"f4e91aa\" data-element_type=\"widget\" data-widget_type=\"text-editor.default\">\n\t\t\t\t<div class=\"elementor-widget-container\">\n\t\t\t\t\t\t\t\t\t<p><span style=\"text-decoration: underline;\"><span style=\"color: #89401b; text-decoration: underline;\"><a style=\"color: #89401b; text-decoration: underline;\" href=\"\/es\/contact-us\/\">Contacta con nosotros<\/a><\/span><\/span>\u00a0hoy mismo para contratar el mejor y m\u00e1s lujoso servicio de administraci\u00f3n de fincas y propiedades.<\/p>\t\t\t\t\t\t\t\t<\/div>\n\t\t\t\t<\/div>\n\t\t\t\t\t<\/div>\n\t\t<\/div>\n\t\t\t\t\t<\/div>\n\t\t<\/section>\n\t\t\t\t<section class=\"elementor-section elementor-top-section elementor-element elementor-element-fd48722 elementor-section-boxed elementor-section-height-default elementor-section-height-default\" data-id=\"fd48722\" data-element_type=\"section\" data-settings=\"{&quot;background_background&quot;:&quot;slideshow&quot;,&quot;background_slideshow_gallery&quot;:[{&quot;id&quot;:6429,&quot;url&quot;:&quot;https:\\\/\\\/www.servicewithpassion.com\\\/wp-content\\\/uploads\\\/11-scaled.jpg&quot;},{&quot;id&quot;:6431,&quot;url&quot;:&quot;https:\\\/\\\/www.servicewithpassion.com\\\/wp-content\\\/uploads\\\/04-1.jpg&quot;},{&quot;id&quot;:6432,&quot;url&quot;:&quot;https:\\\/\\\/www.servicewithpassion.com\\\/wp-content\\\/uploads\\\/03-1.jpg&quot;}],&quot;background_slideshow_ken_burns&quot;:&quot;yes&quot;,&quot;background_slideshow_loop&quot;:&quot;yes&quot;,&quot;background_slideshow_slide_duration&quot;:5000,&quot;background_slideshow_slide_transition&quot;:&quot;fade&quot;,&quot;background_slideshow_transition_duration&quot;:500,&quot;background_slideshow_ken_burns_zoom_direction&quot;:&quot;in&quot;}\">\n\t\t\t\t\t\t<div class=\"elementor-container elementor-column-gap-default\">\n\t\t\t\t\t<div class=\"elementor-column elementor-col-100 elementor-top-column elementor-element elementor-element-eb829ea\" data-id=\"eb829ea\" data-element_type=\"column\">\n\t\t\t<div class=\"elementor-widget-wrap\">\n\t\t\t\t\t\t\t<\/div>\n\t\t<\/div>\n\t\t\t\t\t<\/div>\n\t\t<\/section>\n\t\t\t\t<section class=\"elementor-section elementor-top-section elementor-element elementor-element-55da036 elementor-section-boxed elementor-section-height-default elementor-section-height-default\" data-id=\"55da036\" data-element_type=\"section\">\n\t\t\t\t\t\t<div class=\"elementor-container elementor-column-gap-default\">\n\t\t\t\t\t<div class=\"elementor-column elementor-col-100 elementor-top-column elementor-element elementor-element-b50bfd4\" data-id=\"b50bfd4\" data-element_type=\"column\">\n\t\t\t<div class=\"elementor-widget-wrap elementor-element-populated\">\n\t\t\t\t\t\t<div class=\"elementor-element elementor-element-05ea983 elementor-align-center elementor-widget elementor-widget-button\" data-id=\"05ea983\" data-element_type=\"widget\" data-widget_type=\"button.default\">\n\t\t\t\t<div class=\"elementor-widget-container\">\n\t\t\t\t\t\t\t\t\t<div class=\"elementor-button-wrapper\">\n\t\t\t\t\t<a class=\"elementor-button elementor-button-link elementor-size-sm\" href=\"\/es\/contact-us\/\">\n\t\t\t\t\t\t<span class=\"elementor-button-content-wrapper\">\n\t\t\t\t\t\t\t\t\t<span class=\"elementor-button-text\">Solicitar ahora<\/span>\n\t\t\t\t\t<\/span>\n\t\t\t\t\t<\/a>\n\t\t\t\t<\/div>\n\t\t\t\t\t\t\t\t<\/div>\n\t\t\t\t<\/div>\n\t\t\t\t\t<\/div>\n\t\t<\/div>\n\t\t\t\t\t<\/div>\n\t\t<\/section>\n\t\t\t\t<\/div>","protected":false},"excerpt":{"rendered":"<p>Property Management Your luxury property is a valuable asset that requires equally first-class services. Or would you have your Ferrari washed at the local car wash? Probably not. Request now We from Service with Passion know the unique requirements of high-end properties! We maintain the most exclusive and exceptional standard of service for you and [&hellip;]<\/p>","protected":false},"author":15,"featured_media":2442,"parent":0,"menu_order":0,"comment_status":"closed","ping_status":"closed","template":"elementor_header_footer","meta":{"inline_featured_image":false,"site-sidebar-layout":"no-sidebar","site-content-layout":"page-builder","ast-site-content-layout":"full-width-container","site-content-style":"unboxed","site-sidebar-style":"unboxed","ast-global-header-display":"","ast-banner-title-visibility":"","ast-main-header-display":"","ast-hfb-above-header-display":"","ast-hfb-below-header-display":"","ast-hfb-mobile-header-display":"","site-post-title":"","ast-breadcrumbs-content":"","ast-featured-img":"","footer-sml-layout":"","theme-transparent-header-meta":"","adv-header-id-meta":"","stick-header-meta":"","header-above-stick-meta":"","header-main-stick-meta":"","header-below-stick-meta":"","astra-migrate-meta-layouts":"set","ast-page-background-enabled":"default","ast-page-background-meta":{"desktop":{"background-color":"var(--ast-global-color-4)","background-image":"","background-repeat":"repeat","background-position":"center center","background-size":"auto","background-attachment":"scroll","background-type":"","background-media":"","overlay-type":"","overlay-color":"","overlay-opacity":"","overlay-gradient":""},"tablet":{"background-color":"","background-image":"","background-repeat":"repeat","background-position":"center center","background-size":"auto","background-attachment":"scroll","background-type":"","background-media":"","overlay-type":"","overlay-color":"","overlay-opacity":"","overlay-gradient":""},"mobile":{"background-color":"","background-image":"","background-repeat":"repeat","background-position":"center center","background-size":"auto","background-attachment":"scroll","background-type":"","background-media":"","overlay-type":"","overlay-color":"","overlay-opacity":"","overlay-gradient":""}},"ast-content-background-meta":{"desktop":{"background-color":"var(--ast-global-color-5)","background-image":"","background-repeat":"repeat","background-position":"center center","background-size":"auto","background-attachment":"scroll","background-type":"","background-media":"","overlay-type":"","overlay-color":"","overlay-opacity":"","overlay-gradient":""},"tablet":{"background-color":"var(--ast-global-color-5)","background-image":"","background-repeat":"repeat","background-position":"center center","background-size":"auto","background-attachment":"scroll","background-type":"","background-media":"","overlay-type":"","overlay-color":"","overlay-opacity":"","overlay-gradient":""},"mobile":{"background-color":"var(--ast-global-color-5)","background-image":"","background-repeat":"repeat","background-position":"center center","background-size":"auto","background-attachment":"scroll","background-type":"","background-media":"","overlay-type":"","overlay-color":"","overlay-opacity":"","overlay-gradient":""}},"footnotes":""},"class_list":["post-6179","page","type-page","status-publish","has-post-thumbnail","hentry"],"yoast_head":"<!-- This site is optimized with the Yoast SEO plugin v25.5 - https:\/\/yoast.com\/wordpress\/plugins\/seo\/ -->\n<title>Property Management Companies - Service with Passion<\/title>\n<meta name=\"description\" content=\"Are you looking for reliable property management companies? We offer comprehensive solutions for estate and property management. Call us today!\" \/>\n<meta name=\"robots\" content=\"index, follow, max-snippet:-1, max-image-preview:large, max-video-preview:-1\" \/>\n<link rel=\"canonical\" href=\"https:\/\/www.servicewithpassion.com\/es\/estate-and-property-management\/\" \/>\n<meta property=\"og:locale\" content=\"es_ES\" \/>\n<meta property=\"og:type\" content=\"article\" \/>\n<meta property=\"og:title\" content=\"Property Management Companies - Service with Passion\" \/>\n<meta property=\"og:description\" content=\"Are you looking for reliable property management companies? We offer comprehensive solutions for estate and property management. Call us today!\" \/>\n<meta property=\"og:url\" content=\"https:\/\/www.servicewithpassion.com\/es\/estate-and-property-management\/\" \/>\n<meta property=\"og:site_name\" content=\"Service with passion\" \/>\n<meta property=\"article:modified_time\" content=\"2026-02-23T12:58:13+00:00\" \/>\n<meta name=\"twitter:card\" content=\"summary_large_image\" \/>\n<meta name=\"twitter:label1\" content=\"Tiempo de lectura\" \/>\n\t<meta name=\"twitter:data1\" content=\"1 minuto\" \/>\n<script type=\"application\/ld+json\" class=\"yoast-schema-graph\">{\"@context\":\"https:\/\/schema.org\",\"@graph\":[{\"@type\":\"WebPage\",\"@id\":\"https:\/\/www.servicewithpassion.com\/estate-and-property-management\/\",\"url\":\"https:\/\/www.servicewithpassion.com\/estate-and-property-management\/\",\"name\":\"Property Management Companies - Service with Passion\",\"isPartOf\":{\"@id\":\"https:\/\/www.servicewithpassion.com\/#website\"},\"primaryImageOfPage\":{\"@id\":\"https:\/\/www.servicewithpassion.com\/estate-and-property-management\/#primaryimage\"},\"image\":{\"@id\":\"https:\/\/www.servicewithpassion.com\/estate-and-property-management\/#primaryimage\"},\"thumbnailUrl\":\"https:\/\/www.servicewithpassion.com\/wp-content\/uploads\/Events-white-logo.svg\",\"datePublished\":\"2025-12-23T16:30:06+00:00\",\"dateModified\":\"2026-02-23T12:58:13+00:00\",\"description\":\"Are you looking for reliable property management companies? We offer comprehensive solutions for estate and property management. Call us today!\",\"breadcrumb\":{\"@id\":\"https:\/\/www.servicewithpassion.com\/estate-and-property-management\/#breadcrumb\"},\"inLanguage\":\"es\",\"potentialAction\":[{\"@type\":\"ReadAction\",\"target\":[\"https:\/\/www.servicewithpassion.com\/estate-and-property-management\/\"]}]},{\"@type\":\"ImageObject\",\"inLanguage\":\"es\",\"@id\":\"https:\/\/www.servicewithpassion.com\/estate-and-property-management\/#primaryimage\",\"url\":\"https:\/\/www.servicewithpassion.com\/wp-content\/uploads\/Events-white-logo.svg\",\"contentUrl\":\"https:\/\/www.servicewithpassion.com\/wp-content\/uploads\/Events-white-logo.svg\",\"width\":3000,\"height\":3000,\"caption\":\"Events\"},{\"@type\":\"BreadcrumbList\",\"@id\":\"https:\/\/www.servicewithpassion.com\/estate-and-property-management\/#breadcrumb\",\"itemListElement\":[{\"@type\":\"ListItem\",\"position\":1,\"name\":\"Startseite\",\"item\":\"https:\/\/www.servicewithpassion.com\/\"},{\"@type\":\"ListItem\",\"position\":2,\"name\":\"Estate and property management\"}]},{\"@type\":\"WebSite\",\"@id\":\"https:\/\/www.servicewithpassion.com\/#website\",\"url\":\"https:\/\/www.servicewithpassion.com\/\",\"name\":\"Service with passion\",\"description\":\"Mallorca\",\"publisher\":{\"@id\":\"https:\/\/www.servicewithpassion.com\/#organization\"},\"potentialAction\":[{\"@type\":\"SearchAction\",\"target\":{\"@type\":\"EntryPoint\",\"urlTemplate\":\"https:\/\/www.servicewithpassion.com\/?s={search_term_string}\"},\"query-input\":{\"@type\":\"PropertyValueSpecification\",\"valueRequired\":true,\"valueName\":\"search_term_string\"}}],\"inLanguage\":\"es\"},{\"@type\":\"Organization\",\"@id\":\"https:\/\/www.servicewithpassion.com\/#organization\",\"name\":\"Service with passion\",\"url\":\"https:\/\/www.servicewithpassion.com\/\",\"logo\":{\"@type\":\"ImageObject\",\"inLanguage\":\"es\",\"@id\":\"https:\/\/www.servicewithpassion.com\/#\/schema\/logo\/image\/\",\"url\":\"https:\/\/www.servicewithpassion.com\/wp-content\/uploads\/2023\/01\/service_with_passion_Logo-1.png\",\"contentUrl\":\"https:\/\/www.servicewithpassion.com\/wp-content\/uploads\/2023\/01\/service_with_passion_Logo-1.png\",\"width\":340,\"height\":156,\"caption\":\"Service with passion\"},\"image\":{\"@id\":\"https:\/\/www.servicewithpassion.com\/#\/schema\/logo\/image\/\"}}]}<\/script>\n<!-- \/ Yoast SEO plugin. -->","yoast_head_json":{"title":"Property Management Companies - Service with Passion","description":"Are you looking for reliable property management companies? We offer comprehensive solutions for estate and property management. Call us today!","robots":{"index":"index","follow":"follow","max-snippet":"max-snippet:-1","max-image-preview":"max-image-preview:large","max-video-preview":"max-video-preview:-1"},"canonical":"https:\/\/www.servicewithpassion.com\/es\/estate-and-property-management\/","og_locale":"es_ES","og_type":"article","og_title":"Property Management Companies - Service with Passion","og_description":"Are you looking for reliable property management companies? We offer comprehensive solutions for estate and property management. Call us today!","og_url":"https:\/\/www.servicewithpassion.com\/es\/estate-and-property-management\/","og_site_name":"Service with passion","article_modified_time":"2026-02-23T12:58:13+00:00","twitter_card":"summary_large_image","twitter_misc":{"Tiempo de lectura":"1 minuto"},"schema":{"@context":"https:\/\/schema.org","@graph":[{"@type":"WebPage","@id":"https:\/\/www.servicewithpassion.com\/estate-and-property-management\/","url":"https:\/\/www.servicewithpassion.com\/estate-and-property-management\/","name":"Property Management Companies - Service with Passion","isPartOf":{"@id":"https:\/\/www.servicewithpassion.com\/#website"},"primaryImageOfPage":{"@id":"https:\/\/www.servicewithpassion.com\/estate-and-property-management\/#primaryimage"},"image":{"@id":"https:\/\/www.servicewithpassion.com\/estate-and-property-management\/#primaryimage"},"thumbnailUrl":"https:\/\/www.servicewithpassion.com\/wp-content\/uploads\/Events-white-logo.svg","datePublished":"2025-12-23T16:30:06+00:00","dateModified":"2026-02-23T12:58:13+00:00","description":"Are you looking for reliable property management companies? We offer comprehensive solutions for estate and property management. Call us today!","breadcrumb":{"@id":"https:\/\/www.servicewithpassion.com\/estate-and-property-management\/#breadcrumb"},"inLanguage":"es","potentialAction":[{"@type":"ReadAction","target":["https:\/\/www.servicewithpassion.com\/estate-and-property-management\/"]}]},{"@type":"ImageObject","inLanguage":"es","@id":"https:\/\/www.servicewithpassion.com\/estate-and-property-management\/#primaryimage","url":"https:\/\/www.servicewithpassion.com\/wp-content\/uploads\/Events-white-logo.svg","contentUrl":"https:\/\/www.servicewithpassion.com\/wp-content\/uploads\/Events-white-logo.svg","width":3000,"height":3000,"caption":"Events"},{"@type":"BreadcrumbList","@id":"https:\/\/www.servicewithpassion.com\/estate-and-property-management\/#breadcrumb","itemListElement":[{"@type":"ListItem","position":1,"name":"Startseite","item":"https:\/\/www.servicewithpassion.com\/"},{"@type":"ListItem","position":2,"name":"Estate and property management"}]},{"@type":"WebSite","@id":"https:\/\/www.servicewithpassion.com\/#website","url":"https:\/\/www.servicewithpassion.com\/","name":"Servicio con pasi\u00f3n","description":"Mallorca","publisher":{"@id":"https:\/\/www.servicewithpassion.com\/#organization"},"potentialAction":[{"@type":"SearchAction","target":{"@type":"EntryPoint","urlTemplate":"https:\/\/www.servicewithpassion.com\/?s={search_term_string}"},"query-input":{"@type":"PropertyValueSpecification","valueRequired":true,"valueName":"search_term_string"}}],"inLanguage":"es"},{"@type":"Organization","@id":"https:\/\/www.servicewithpassion.com\/#organization","name":"Servicio con pasi\u00f3n","url":"https:\/\/www.servicewithpassion.com\/","logo":{"@type":"ImageObject","inLanguage":"es","@id":"https:\/\/www.servicewithpassion.com\/#\/schema\/logo\/image\/","url":"https:\/\/www.servicewithpassion.com\/wp-content\/uploads\/2023\/01\/service_with_passion_Logo-1.png","contentUrl":"https:\/\/www.servicewithpassion.com\/wp-content\/uploads\/2023\/01\/service_with_passion_Logo-1.png","width":340,"height":156,"caption":"Service with passion"},"image":{"@id":"https:\/\/www.servicewithpassion.com\/#\/schema\/logo\/image\/"}}]}},"_links":{"self":[{"href":"https:\/\/www.servicewithpassion.com\/es\/wp-json\/wp\/v2\/pages\/6179","targetHints":{"allow":["GET"]}}],"collection":[{"href":"https:\/\/www.servicewithpassion.com\/es\/wp-json\/wp\/v2\/pages"}],"about":[{"href":"https:\/\/www.servicewithpassion.com\/es\/wp-json\/wp\/v2\/types\/page"}],"author":[{"embeddable":true,"href":"https:\/\/www.servicewithpassion.com\/es\/wp-json\/wp\/v2\/users\/15"}],"replies":[{"embeddable":true,"href":"https:\/\/www.servicewithpassion.com\/es\/wp-json\/wp\/v2\/comments?post=6179"}],"version-history":[{"count":0,"href":"https:\/\/www.servicewithpassion.com\/es\/wp-json\/wp\/v2\/pages\/6179\/revisions"}],"wp:featuredmedia":[{"embeddable":true,"href":"https:\/\/www.servicewithpassion.com\/es\/wp-json\/wp\/v2\/media\/2442"}],"wp:attachment":[{"href":"https:\/\/www.servicewithpassion.com\/es\/wp-json\/wp\/v2\/media?parent=6179"}],"curies":[{"name":"wp","href":"https:\/\/api.w.org\/{rel}","templated":true}]}}